{"id":595,"date":"2021-11-26T07:30:07","date_gmt":"2021-11-26T07:30:07","guid":{"rendered":"https:\/\/www.istanbulspinecadavercourses.org\/?page_id=5"},"modified":"2025-02-18T14:18:51","modified_gmt":"2025-02-18T14:18:51","slug":"program","status":"publish","type":"page","link":"https:\/\/istanbulcadavercourse.com\/2025-Course\/program\/","title":{"rendered":"Program"},"content":{"rendered":"\t\t<div data-elementor-type=\"wp-page\" data-elementor-id=\"595\" class=\"elementor elementor-595\" data-elementor-post-type=\"page\">\n\t\t\t\t<div class=\"elementor-element elementor-element-66b16fad e-flex e-con-boxed e-con e-parent\" data-id=\"66b16fad\" data-element_type=\"container\">\n\t\t\t\t\t<div class=\"e-con-inner\">\n\t\t\t\t<div class=\"elementor-element elementor-element-3aa8d4b elementor-widget elementor-widget-button\" data-id=\"3aa8d4b\" data-element_type=\"widget\" data-widget_type=\"button.default\">\n\t\t\t\t<div class=\"elementor-widget-container\">\n\t\t\t\t\t\t\t\t\t<div class=\"elementor-button-wrapper\">\n\t\t\t\t\t<a class=\"elementor-button elementor-button-link elementor-size-sm\" href=\"https:\/\/istanbulcadavercourse.com\/2025-Course\/Docs\/Istanbul-Cadaver-Course-Program-2025.pdf\" target=\"_blank\">\n\t\t\t\t\t\t<span class=\"elementor-button-content-wrapper\">\n\t\t\t\t\t\t<span class=\"elementor-button-icon\">\n\t\t\t\t<i aria-hidden=\"true\" class=\"far fa-file-pdf\"><\/i>\t\t\t<\/span>\n\t\t\t\t\t\t\t\t\t<span class=\"elementor-button-text\">PDF Program<\/span>\n\t\t\t\t\t<\/span>\n\t\t\t\t\t<\/a>\n\t\t\t\t<\/div>\n\t\t\t\t\t\t\t\t<\/div>\n\t\t\t\t<\/div>\n\t\t\t\t<div class=\"elementor-element elementor-element-d6c92fc elementor-widget elementor-widget-html\" data-id=\"d6c92fc\" data-element_type=\"widget\" data-widget_type=\"html.default\">\n\t\t\t\t<div class=\"elementor-widget-container\">\n\t\t\t\t\t\t<style>\r\n\r\n\r\n  table.program { \r\n\t\r\n\tcolor:#333333;\r\n\tborder-width: 0px;\r\n\tborder-color: #666666;\r\n\tborder-collapse: collapse;\r\n   \r\n}\r\ntable.program th {\r\n\tborder-width: 1px;\r\n\tpadding: 15px;\r\n\tborder-style: solid;\r\n\tborder-color: #666666;\r\n\tfont-size: 22pt;\r\n\tbackground: #338BC0;\r\n\tcolor: #FFFFFF;\r\n\t\r\n}\r\ntable.program td {\r\n\tborder: 1px solid #B1B1B1;\r\n\tpadding: 8px;\r\n\t\r\n\t\r\n}\t\r\n\t\t.session { background: #9E9E9E; font-size: 13pt; color: #FFFFFF  }\r\n\t\t.oral { background: #4CB060; font-size: 13pt; color: #FFFFFF  }\r\n\t\t.oral2 { background: #A8E8B5; font-size: 13pt;  }\r\n\t\t.halla { color: #FFFFFF; background-color: #2F3661; font-weight: bold; text-align: center; }\r\n\t\t.hallb { color: #FFFFFF; background-color: #414B88; font-weight: bold; text-align: center;}\r\n\t\t.hallc { color: #FFFFFF; background-color: #5361AD; font-weight: bold; text-align: center;}\r\n\t\t.halld { color: #FFFFFF; background-color: #7584D5; font-weight: bold; text-align: center;}\r\n\t\t.session-alt { background: #ADBEE5;   }\r\n\t\t.break { background: #DEEDD7;   }\r\n\t\t.opening { background: #7DB4B2;   }\r\n\t\t.special { background: #2d4b8f;  color: #FFFFFF  }\r\n\t\t.surs { background: #76A439;  color: #FFFFFF  }\r\n\t\t.video { background: #E9DCB5;    }\r\n\t\t.teknoloji { background: #28A02E;  color: #FFFFFF  }\r\n\t\t.sat { background: #B3BBE6;  color: #000000  }\r\n\t\t.kurs { background: #666666;  color: #FFFFFF  }\r\n\t\t.kurs2 { background: #E9E9E9;   }\r\n\r\n\t@media only screen and (max-width: 500px) {\r\n  table, thead, tbody, th, td, tr {\r\n    display: block;\r\n  }\r\n  thead tr {\r\n    position: absolute;\r\n    top: -9999px;\r\n    left: -9999px;\r\n  }\r\n  tr { border: 1px solid #B1B1B1;}\r\n  td {\r\n    border: none;\r\n    \r\n    position: relative;\r\n \r\n  }\r\n\r\n  \r\n}\r\n\t\r\n<\/style>\r\n\r\n<table width=\"100%\" border=\"0\" cellpadding=\"0\" cellspacing=\"0\" class=\"program\">\r\n  <tr>\r\n    <th colspan=\"3\" valign=\"top\">Day 1: Thoracic, Lumbar,  Sacroiliac Surgical Instrumentation  and\u00a0MIS Approaches <\/th>\r\n  <\/tr>\r\n  <tr>\r\n    <td colspan=\"3\" valign=\"top\"><em>Faculty of Medicine Conference Hall <\/em><\/td>\r\n  <\/tr>\r\n  <tr class=\"opening\">\r\n    <td valign=\"top\"><strong>08:00-08:30 <\/strong><\/td>\r\n    <td valign=\"top\"><strong>Opening: \u0130brahim Ziyal, \u00dcmit \u015eehirli<\/strong><\/td>\r\n    <td valign=\"top\">&nbsp;<\/td>\r\n  <\/tr>\r\n  <tr>\r\n    <td colspan=\"3\" valign=\"top\" class=\"special\">Session 1<br>\r\n    Moderators: <em><strong>Mehmet Zileli, Oscar  Alves<\/strong><\/em><strong><\/strong><\/td>\r\n  <\/tr>\r\n  <tr class=\"kurs\">\r\n    <td valign=\"top\"><em>Time<\/em><\/td>\r\n    <td valign=\"top\"><em>Title<\/em><\/td>\r\n    <td valign=\"top\"><em>Speaker<\/em><\/td>\r\n  <\/tr>\r\n  <tr>\r\n    <td valign=\"top\" nowrap=\"nowrap\">08:30-08:45<\/td>\r\n    <td valign=\"top\">Thoracic,    Lumbar and Sacral vertebral Anatomy<\/td>\r\n    <td valign=\"top\"><em><strong>Ural Verimli<\/strong><\/em><\/td>\r\n  <\/tr>\r\n  <tr>\r\n    <td valign=\"top\" nowrap=\"nowrap\">08:45-09:00<\/td>\r\n    <td valign=\"top\">Learning  Curve for MIS OR<\/td>\r\n    <td valign=\"top\"><strong><em>Salman  Sharif<\/em><\/strong><\/td>\r\n  <\/tr>\r\n  <tr>\r\n    <td valign=\"top\" nowrap=\"nowrap\">09:00-09:15<\/td>\r\n    <td valign=\"top\">Percutaneous applications for Degenerative Diseases<\/td>\r\n    <td valign=\"top\"><strong><em>Cumhur K\u0131l\u0131n\u00e7er <\/em><\/strong><\/td>\r\n  <\/tr>\r\n  <tr>\r\n    <td valign=\"top\" nowrap=\"nowrap\">09:15-09:30<\/td>\r\n    <td valign=\"top\">Percutaneous lumbar screw placement techniques <\/td>\r\n    <td valign=\"top\"><em><strong>Oscar    Alves<\/strong><\/em><\/td>\r\n  <\/tr>\r\n  <tr>\r\n    <td valign=\"top\">09:30-09:45<\/td>\r\n    <td valign=\"top\">Endoscopic Approaches to Thoracic and Lumbar Disc Herniation<\/td>\r\n    <td valign=\"top\"><em><strong>Salim    \u015eent\u00fcrk<\/strong><\/em><\/td>\r\n  <\/tr>\r\n  <tr>\r\n    <td valign=\"top\">09:45-10:00<\/td>\r\n    <td valign=\"top\">Tubuler Approaches to Lumbar Disc Herniation<\/td>\r\n    <td valign=\"top\"><em><strong>Mehmet Zileli<\/strong><\/em><\/td>\r\n  <\/tr>\r\n  <tr>\r\n    <td valign=\"top\">10:00-10:15<\/td>\r\n    <td valign=\"top\">MIS procedures for Spondylolisthesis<\/td>\r\n    <td valign=\"top\"><em><strong>Sait Naderi <\/strong><\/em><\/td>\r\n  <\/tr>\r\n  <tr>\r\n    <td valign=\"top\">10:15-10:30<\/td>\r\n    <td valign=\"top\">Unilateral Aproaches to lumbar stenosis<\/td>\r\n    <td valign=\"top\"><em><strong>Kemal Ko\u00e7<\/strong><\/em><\/td>\r\n  <\/tr>\r\n  <tr>\r\n    <td valign=\"top\">10:30-10:45<\/td>\r\n    <td valign=\"top\"> Vertebral Augmentation Tecnhniques<\/td>\r\n    <td valign=\"top\"><strong><em>Sait Naderi<\/em><\/strong><\/td>\r\n  <\/tr>\r\n  <tr class=\"break\">\r\n    <td valign=\"top\">10:45-11:00 <\/td>\r\n    <td colspan=\"2\" valign=\"top\">Coffee break <\/td>\r\n  <\/tr>\r\n  <tr class=\"session-alt\">\r\n    <td valign=\"top\">11:00-13:00 <\/td>\r\n    <td valign=\"top\"><strong>Cadaver Lab 1 <\/strong><br>      Endoscopy  approaches(1 tables)<br>\r\n      Percutaneous  Injection Techniques (1 table )<br>\r\n      Vertebroplasty, kyphoplasty (1 table with C arm)<br>\r\n    Percutaneous screw Techniques(1 table C arm) <\/td>\r\n    <td valign=\"top\">All <\/td>\r\n  <\/tr>\r\n  <tr class=\"break\">\r\n    <td valign=\"top\">13:00-13:30 <\/td>\r\n    <td colspan=\"2\" valign=\"top\">Lunch break <\/td>\r\n  <\/tr>\r\n  <tr>\r\n    <td colspan=\"3\" valign=\"top\" class=\"special\">Session 2<br>\r\n    Moderators: <em><strong>Salman Sharif, Muhammed Zuhair<\/strong><\/em><strong><\/strong><\/td>\r\n  <\/tr>\r\n  <tr>\r\n    <td valign=\"top\">13:30-13:45<\/td>\r\n    <td valign=\"top\">Thoracic pedicle screw insertion and    Lumbar pedicle screw<\/td>\r\n    <td valign=\"top\"><em><strong>Mehdi Darmoul<\/strong><\/em><\/td>\r\n  <\/tr>\r\n  <tr>\r\n    <td valign=\"top\">13:45-14:00<\/td>\r\n    <td valign=\"top\">Sacral and ilial screw insertion; S1,    S2, Sacroiliac, Sacroalar techniques<\/td>\r\n    <td valign=\"top\"><em><strong>\u00dclk\u00fcn \u00dcnsal  <\/strong><\/em><\/td>\r\n  <\/tr>\r\n  <tr>\r\n    <td valign=\"top\">14:00-14:15<\/td>\r\n    <td valign=\"top\">Posterior and Lateral Interbody fusion    techniques: open and MIS: TLIF, PLIF<\/td>\r\n    <td valign=\"top\"><em><strong>Mohammed Zuhair <\/strong><\/em><\/td>\r\n  <\/tr>\r\n  <tr>\r\n    <td valign=\"top\">14:15-14:30<\/td>\r\n    <td valign=\"top\">Lateral    Interbody fusion techniques (XLIF) <\/td>\r\n    <td valign=\"top\"><em><strong>Oscar Alves<\/strong><\/em><\/td>\r\n  <\/tr>\r\n  <tr>\r\n    <td valign=\"top\">14:30-14:45<\/td>\r\n    <td valign=\"top\">Spinal Navigation Applications and Robotic Surgery<\/td>\r\n    <td valign=\"top\"><em><strong>Mirza Posjckic<\/strong><\/em><\/td>\r\n  <\/tr>\r\n  <tr>\r\n    <td valign=\"top\">14:45-15:00<\/td>\r\n    <td valign=\"top\">Evaluation of Thoracolumbar fractures  (radiological-morphological evaluation,damage types classification)<\/td>\r\n    <td valign=\"top\"><strong><em>Kudret T\u00fcreyen<\/em><\/strong><\/td>\r\n  <\/tr>\r\n  <tr class=\"break\">\r\n    <td valign=\"top\">15:00-15:30<\/td>\r\n    <td colspan=\"2\" valign=\"top\">Coffee break <\/td>\r\n  <\/tr>\r\n  <tr class=\"session-alt\">\r\n    <td valign=\"top\">15:30-17:30<\/td>\r\n    <td valign=\"top\"><strong>Cadaver Lab 2 <br>\r\n    <\/strong>Thoracolumbar  and Sacral Fixation Techniques (1 table)<br>\r\n    Percutan  TLIF ,PLIF(1 tables)<br>\r\n    Open  PLIF,TLIF Techniques(1 tables)<\/td>\r\n    <td valign=\"top\">All <\/td>\r\n  <\/tr>\r\n  <tr>\r\n    <td valign=\"top\">17:30-17:40<\/td>\r\n    <td valign=\"top\">Case-Video Technique Demonstration \u2013 Vertebral Augmantation<\/td>\r\n    <td valign=\"top\"><em><strong>Cumhur K\u0131l\u0131n\u00e7er <\/strong><\/em><\/td>\r\n  <\/tr>\r\n  <tr>\r\n    <td valign=\"top\">17:40-17:50<\/td>\r\n    <td valign=\"top\">Unilateral Laminotomy for bilateral  decompression (ULBD)<\/td>\r\n    <td valign=\"top\"><strong><em>Kudret T\u00fcreyen<\/em><\/strong><\/td>\r\n  <\/tr>\r\n  <tr>\r\n    <td valign=\"top\">17:50-18:00<\/td>\r\n    <td valign=\"top\">Case- Video Technique Demonstration - Percutaneous lumbar screw<\/td>\r\n    <td valign=\"top\"><em><strong>Mirza Posjckic <\/strong><\/em><\/td>\r\n  <\/tr>\r\n  <tr>\r\n    <td valign=\"top\">18:00-18:10<\/td>\r\n    <td valign=\"top\">Case- Video Technique Demonstration    -\u00a0 TLIF,PLIF<\/td>\r\n    <td valign=\"top\"><em><strong>Osama    Arim<\/strong><\/em><\/td>\r\n  <\/tr>\r\n  <tr>\r\n    <td valign=\"top\">18:10-18:20<\/td>\r\n    <td valign=\"top\">Case- Video Technique Demonstration -    Endoscopic Lumbar Disc Herniation<\/td>\r\n    <td valign=\"top\"><em><strong>\u0130smail \u0130\u015ftemen <\/strong><\/em><\/td>\r\n  <\/tr>\r\n  <tr>\r\n    <td valign=\"top\">18:20-18:30<\/td>\r\n    <td valign=\"top\">Case- Video Technique Demonstration<\/td>\r\n    <td valign=\"top\"><strong><em>Murat \u015eakir Ek\u015fi<\/em><\/strong><\/td>\r\n  <\/tr>\r\n  <tr>\r\n    <td valign=\"top\">18:30-18:40<\/td>\r\n    <td valign=\"top\">Case- Video Technique Demonstration<\/td>\r\n    <td valign=\"top\"><strong><em>Murat \u00c7obano\u011flu<\/em><\/strong><\/td>\r\n  <\/tr>\r\n  <tr>\r\n    <td valign=\"top\"><strong>19:00<\/strong><\/td>\r\n    <td valign=\"top\"><strong>Dinner <\/strong><\/td>\r\n    <td valign=\"top\">&nbsp;<\/td>\r\n  <\/tr>\r\n  <tr>\r\n    <th colspan=\"3\" valign=\"top\">Day 2:Spine Tumour and Deformity Correction<\/th>\r\n  <\/tr>\r\n  <tr>\r\n    <td valign=\"top\">09:00-17:30 <\/td>\r\n    <td colspan=\"2\" valign=\"top\">Faculty of Medicine <\/td>\r\n  <\/tr>\r\n  <tr>\r\n    <td colspan=\"3\" valign=\"top\" class=\"special\">Session 3<br>\r\n    Moderators: <em><strong>Kemal Ko\u00e7, Ender Ofluo\u011flu<\/strong><\/em><strong><\/strong><\/td>\r\n  <\/tr>\r\n  <tr class=\"kurs\">\r\n    <td valign=\"top\"><em>Time<\/em><\/td>\r\n    <td valign=\"top\"><em>Title<\/em><\/td>\r\n    <td valign=\"top\"><em>Speaker<\/em><\/td>\r\n  <\/tr>\r\n  <tr>\r\n    <td valign=\"top\">08:30-08:45<\/td>\r\n    <td valign=\"top\">The importance of radiological    parameters in deformity surgery planning<\/td>\r\n    <td valign=\"top\"><em><strong>Rovshan Halilzade<\/strong><\/em><\/td>\r\n  <\/tr>\r\n  <tr>\r\n    <td valign=\"top\">08:45-09:00<\/td>\r\n    <td valign=\"top\">Time to Surgery in Adult Spinal    Deformity<\/td>\r\n    <td valign=\"top\"><em><strong>Numan Karaaslan<\/strong><\/em><\/td>\r\n  <\/tr>\r\n  <tr>\r\n    <td valign=\"top\">09:00-09:15<\/td>\r\n    <td valign=\"top\">Osteotomy classification<\/td>\r\n    <td valign=\"top\"><em><strong>Ignatius N Esene <\/strong><\/em><\/td>\r\n  <\/tr>\r\n  <tr>\r\n    <td valign=\"top\">09:15-09:30<\/td>\r\n    <td valign=\"top\">Ponte and PSO osteotomy: indications and technique<\/td>\r\n    <td valign=\"top\"><em><strong>Erkin S\u00f6nmez <\/strong><\/em><\/td>\r\n  <\/tr>\r\n  <tr>\r\n    <td valign=\"top\">09:30-09:45<\/td>\r\n    <td valign=\"top\">VCR    osteotomy: indications and technique<\/td>\r\n    <td valign=\"top\"><em><strong>Yahya G\u00fcven\u00e7<\/strong><\/em><\/td>\r\n  <\/tr>\r\n  <tr>\r\n    <td valign=\"top\">09:45-10:00<\/td>\r\n    <td valign=\"top\">Osteotomy complications and prevent methods <\/td>\r\n    <td valign=\"top\"><em><strong>G\u00fc\u00e7l\u00fchan G\u00fc\u00e7l\u00fc<\/strong><\/em><\/td>\r\n  <\/tr>\r\n  <tr>\r\n    <td valign=\"top\">10:00-10:15<\/td>\r\n    <td valign=\"top\">Selection Fusion Levels in AIS    Scoliosis<\/td>\r\n    <td valign=\"top\"><em><strong>Ender Ofluo\u011flu<\/strong><\/em><\/td>\r\n  <\/tr>\r\n  <tr>\r\n    <td valign=\"top\">10:15-10:30<\/td>\r\n    <td valign=\"top\">Deformity    Correction Techniques and prevent complications <\/td>\r\n    <td valign=\"top\"><em><strong>Onur Yaman<\/strong><\/em><\/td>\r\n  <\/tr>\r\n  <tr>\r\n    <td valign=\"top\">10:30-10:45<\/td>\r\n    <td valign=\"top\">Congenital Scoliosis Classification  and&nbsp;Surgery<\/td>\r\n    <td valign=\"top\"><em><strong>Yahya G\u00fcven\u00e7<\/strong><\/em><\/td>\r\n  <\/tr>\r\n  <tr>\r\n    <td valign=\"top\">10:45-11:00<\/td>\r\n    <td valign=\"top\">Anterior    Scoliosis Techniques including VBRT <\/td>\r\n    <td valign=\"top\"><em><strong>Mehmet Aydo\u011fan<\/strong><\/em><\/td>\r\n  <\/tr>\r\n  <tr class=\"break\">\r\n    <td valign=\"top\">11:00-11:15<\/td>\r\n    <td colspan=\"2\" valign=\"top\">Coffee break <\/td>\r\n  <\/tr>\r\n  <tr class=\"session-alt\">\r\n    <td valign=\"top\">11:15-12:45<\/td>\r\n    <td valign=\"top\"><strong>Cadaver Lab 3 <br>\r\n    <\/strong>\r\n      Deformity correction techniques <\/td>\r\n    <td valign=\"top\">All <\/td>\r\n  <\/tr>\r\n  <tr class=\"break\">\r\n    <td valign=\"top\">12:45-13:15<\/td>\r\n    <td colspan=\"2\" valign=\"top\">Lunch break <\/td>\r\n  <\/tr>\r\n  <tr>\r\n    <td colspan=\"3\" valign=\"top\" class=\"special\">Moderators: <em><strong>Serdar Kahraman, Yahya  G\u00fcven\u00e7<\/strong><\/em><strong><\/strong><\/td>\r\n  <\/tr>\r\n  <tr>\r\n    <td valign=\"top\">13:15-13:30<\/td>\r\n    <td valign=\"top\">Vertebral    fixations techniques in osteoporotic patients<\/td>\r\n    <td valign=\"top\"><em><strong>Ender Ofluo\u011flu<\/strong><\/em><\/td>\r\n  <\/tr>\r\n  <tr>\r\n    <td valign=\"top\">13:30-13:45<\/td>\r\n    <td valign=\"top\">Spinal Tumour Recent Advances<\/td>\r\n    <td valign=\"top\"><em><strong>Salman Sharif <\/strong><\/em><\/td>\r\n  <\/tr>\r\n  <tr>\r\n    <td valign=\"top\">13:45-14:00<\/td>\r\n    <td valign=\"top\">Thoracotomy    for spine tumors <\/td>\r\n    <td valign=\"top\"><em><strong>Serdar Kahraman<\/strong><\/em><\/td>\r\n  <\/tr>\r\n  <tr>\r\n    <td valign=\"top\">14:00-14:15<\/td>\r\n    <td valign=\"top\">Total sacrectomy and spinopelvic    reconstruction<\/td>\r\n    <td valign=\"top\"><em><strong>Mehmet Zileli<\/strong><\/em><\/td>\r\n  <\/tr>\r\n  <tr>\r\n    <td valign=\"top\">14:15-14:30<\/td>\r\n    <td valign=\"top\">Tricks in spinal intramedullary tumor    surgery<\/td>\r\n    <td valign=\"top\"><em><strong>Serdar Kahraman<\/strong><\/em><\/td>\r\n  <\/tr>\r\n  <tr class=\"break\">\r\n    <td valign=\"top\">14:30-14:45<\/td>\r\n    <td colspan=\"2\" valign=\"top\">Coffee break <\/td>\r\n  <\/tr>\r\n  <tr class=\"session-alt\">\r\n    <td valign=\"top\">14:45-16:15<\/td>\r\n    <td valign=\"top\"><strong>Cadaver Lab 4 <\/strong><br>Osteotomy techniques <\/td>\r\n    <td valign=\"top\">All\u00a0 <\/td>\r\n  <\/tr>\r\n  <tr>\r\n    <td valign=\"top\">16:15-16:25<\/td>\r\n    <td valign=\"top\">Case-Video Technique Demonstration    - Ponte and PSO Osteotomy<\/td>\r\n    <td valign=\"top\"><em><strong>\u00dclk\u00fcn \u00dcnsal<\/strong><\/em><\/td>\r\n  <\/tr>\r\n  <tr>\r\n    <td valign=\"top\">16:25-16:35<\/td>\r\n    <td valign=\"top\">Case-Video Technique Demonstration - VCR    Osteotomy<\/td>\r\n    <td valign=\"top\"><em><strong>Yener \u015eahin<\/strong><\/em><\/td>\r\n  <\/tr>\r\n  <tr>\r\n    <td valign=\"top\">16:35-16:45<\/td>\r\n    <td valign=\"top\">Case-Video Technique Demonstration - Deformity    correction techniques <\/td>\r\n    <td valign=\"top\"><em><strong>Adnan Demirci <\/strong><\/em><\/td>\r\n  <\/tr>\r\n  <tr>\r\n    <td valign=\"top\">16:45-16:55<\/td>\r\n    <td valign=\"top\">Case-Video Technique Demonstration - Deformity    correction techniques <\/td>\r\n    <td valign=\"top\"><em><strong>Murat Balo\u011flu<\/strong><\/em><\/td>\r\n  <\/tr>\r\n  <tr>\r\n    <td valign=\"top\">16:55-17:05<\/td>\r\n    <td valign=\"top\">Case-Video Technique Demonstration - Spine tumors-Thoracotomy<\/td>\r\n    <td valign=\"top\"><em><strong>\u0130smail Bozkurt<\/strong><\/em><\/td>\r\n  <\/tr>\r\n  <tr>\r\n    <td valign=\"top\">17:05-17:15<\/td>\r\n    <td valign=\"top\">Case-Video Technique Demonstration - Neuromuscular    Scoliosis<\/td>\r\n    <td valign=\"top\"><em><strong>Onur Erdo\u011fan<\/strong><\/em><\/td>\r\n  <\/tr>\r\n  <tr>\r\n    <td valign=\"top\">17:15-17:25<\/td>\r\n    <td valign=\"top\">Case-Video Technique Demonstration<\/td>\r\n    <td valign=\"top\"><em><strong>Fatih Akbulut<\/strong><\/em><\/td>\r\n  <\/tr>\r\n  <tr class=\"break\">\r\n    <td valign=\"top\">17:25-17:40<\/td>\r\n    <td valign=\"top\">Closing<\/td>\r\n    <td valign=\"top\">&nbsp;<\/td>\r\n  <\/tr>\r\n<\/table>\r\n&nbsp;\r\n\t\t\t\t<\/div>\n\t\t\t\t<\/div>\n\t\t\t\t\t<\/div>\n\t\t\t\t<\/div>\n\t\t\t\t<\/div>\n\t\t","protected":false},"excerpt":{"rendered":"<p>PDF Program Day 1: Thoracic, Lumbar, Sacroiliac Surgical Instrumentation and\u00a0MIS Approaches Faculty of Medicine Conference Hall 08:00-08:30 Opening: \u0130brahim Ziyal,&hellip; <\/p>\n","protected":false},"author":1,"featured_media":0,"parent":0,"menu_order":0,"comment_status":"closed","ping_status":"closed","template":"","meta":{"footnotes":""},"class_list":["post-595","page","type-page","status-publish","hentry"],"_links":{"self":[{"href":"https:\/\/istanbulcadavercourse.com\/2025-Course\/wp-json\/wp\/v2\/pages\/595","targetHints":{"allow":["GET"]}}],"collection":[{"href":"https:\/\/istanbulcadavercourse.com\/2025-Course\/wp-json\/wp\/v2\/pages"}],"about":[{"href":"https:\/\/istanbulcadavercourse.com\/2025-Course\/wp-json\/wp\/v2\/types\/page"}],"author":[{"embeddable":true,"href":"https:\/\/istanbulcadavercourse.com\/2025-Course\/wp-json\/wp\/v2\/users\/1"}],"replies":[{"embeddable":true,"href":"https:\/\/istanbulcadavercourse.com\/2025-Course\/wp-json\/wp\/v2\/comments?post=595"}],"version-history":[{"count":103,"href":"https:\/\/istanbulcadavercourse.com\/2025-Course\/wp-json\/wp\/v2\/pages\/595\/revisions"}],"predecessor-version":[{"id":1204,"href":"https:\/\/istanbulcadavercourse.com\/2025-Course\/wp-json\/wp\/v2\/pages\/595\/revisions\/1204"}],"wp:attachment":[{"href":"https:\/\/istanbulcadavercourse.com\/2025-Course\/wp-json\/wp\/v2\/media?parent=595"}],"curies":[{"name":"wp","href":"https:\/\/api.w.org\/{rel}","templated":true}]}}