{"id":32,"date":"2021-11-29T13:38:52","date_gmt":"2021-11-29T13:38:52","guid":{"rendered":"https:\/\/www.istanbulspinecadavercourses.org\/?page_id=32"},"modified":"2021-11-29T13:38:52","modified_gmt":"2021-11-29T13:38:52","slug":"venue","status":"publish","type":"page","link":"https:\/\/istanbulcadavercourse.com\/2025-Course\/venue\/","title":{"rendered":"Venue"},"content":{"rendered":"\n<p>Marmara University Institute of Neurological Sciences, Marmara University Medical Faculty; <br>Marmara \u00dcniversitesi Ba\u015f\u0131b\u00fcy\u00fck Sa\u011fl\u0131k Kamp\u00fcs\u00fc Ba\u015f\u0131b\u00fcy\u00fck-Maltepe; \u0130stanbul-Turkey<\/p>\n\n\n\n<figure class=\"wp-block-image\"><img decoding=\"async\" src=\"http:\/\/istanbularthroplasty.org\/wp-content\/uploads\/2020\/02\/orj_slide_DSC_5337_1_Kopyala_.jpg\" alt=\"\" class=\"wp-image-301\"\/><\/figure>\n\n\n\n<iframe src=\"https:\/\/www.google.com\/maps\/embed?pb=!1m18!1m12!1m3!1d3013.3468065469374!2d29.13788801573463!3d40.95198083083557!2m3!1f0!2f0!3f0!3m2!1i1024!2i768!4f13.1!3m3!1m2!1s0x14cac5d575baa2b5%3A0xf6663d8c580aea7!2sMarmara+University+Faculty+of+Medicine!5e0!3m2!1sen!2str!4v1544090321698\" width=\"100%\" height=\"450\" frameborder=\"0\" style=\"border:0\" allowfullscreen=\"\"><\/iframe>\n","protected":false},"excerpt":{"rendered":"<p>Marmara University Institute of Neurological Sciences, Marmara University Medical Faculty; Marmara \u00dcniversitesi Ba\u015f\u0131b\u00fcy\u00fck Sa\u011fl\u0131k Kamp\u00fcs\u00fc Ba\u015f\u0131b\u00fcy\u00fck-Maltepe; \u0130stanbul-Turkey<\/p>\n","protected":false},"author":1,"featured_media":0,"parent":0,"menu_order":0,"comment_status":"closed","ping_status":"closed","template":"","meta":{"footnotes":""},"class_list":["post-32","page","type-page","status-publish","hentry"],"_links":{"self":[{"href":"https:\/\/istanbulcadavercourse.com\/2025-Course\/wp-json\/wp\/v2\/pages\/32","targetHints":{"allow":["GET"]}}],"collection":[{"href":"https:\/\/istanbulcadavercourse.com\/2025-Course\/wp-json\/wp\/v2\/pages"}],"about":[{"href":"https:\/\/istanbulcadavercourse.com\/2025-Course\/wp-json\/wp\/v2\/types\/page"}],"author":[{"embeddable":true,"href":"https:\/\/istanbulcadavercourse.com\/2025-Course\/wp-json\/wp\/v2\/users\/1"}],"replies":[{"embeddable":true,"href":"https:\/\/istanbulcadavercourse.com\/2025-Course\/wp-json\/wp\/v2\/comments?post=32"}],"version-history":[{"count":0,"href":"https:\/\/istanbulcadavercourse.com\/2025-Course\/wp-json\/wp\/v2\/pages\/32\/revisions"}],"wp:attachment":[{"href":"https:\/\/istanbulcadavercourse.com\/2025-Course\/wp-json\/wp\/v2\/media?parent=32"}],"curies":[{"name":"wp","href":"https:\/\/api.w.org\/{rel}","templated":true}]}}