{"id":231,"date":"2021-12-07T05:53:04","date_gmt":"2021-12-07T05:53:04","guid":{"rendered":"https:\/\/www.istanbulspinecadavercourses.org\/?page_id=231"},"modified":"2025-01-27T14:39:35","modified_gmt":"2025-01-27T14:39:35","slug":"accommodation","status":"publish","type":"page","link":"https:\/\/istanbulcadavercourse.com\/2025-Course\/accommodation\/","title":{"rendered":"Accommodation"},"content":{"rendered":"\t\t<div data-elementor-type=\"wp-page\" data-elementor-id=\"231\" class=\"elementor elementor-231\" data-elementor-post-type=\"page\">\n\t\t\t\t\t\t<section class=\"elementor-section elementor-top-section elementor-element elementor-element-671490c7 elementor-section-boxed elementor-section-height-default elementor-section-height-default\" data-id=\"671490c7\" data-element_type=\"section\">\n\t\t\t\t\t\t<div class=\"elementor-container elementor-column-gap-default\">\n\t\t\t\t\t<div class=\"elementor-column elementor-col-100 elementor-top-column elementor-element elementor-element-45dd6dab\" data-id=\"45dd6dab\" data-element_type=\"column\">\n\t\t\t<div class=\"elementor-widget-wrap elementor-element-populated\">\n\t\t\t\t\t\t<div class=\"elementor-element elementor-element-27d9ca32 elementor-widget elementor-widget-text-editor\" data-id=\"27d9ca32\" data-element_type=\"widget\" data-widget_type=\"text-editor.default\">\n\t\t\t\t<div class=\"elementor-widget-container\">\n\t\t\t\t\t\t\t\t\t\n<h2 class=\"wp-block-heading\">Elite World Grand \u0130stanbul K\u00fc\u00e7\u00fckyal\u0131 Hotel<\/h2>\n\n<p><strong>Single: <\/strong>121\u20ac<\/p>\n\n<p class=\"has-small-font-size\"><em>*Fiyatlara KDV dahil de\u011fildir.<\/em><\/p>\n\n<p><em><strong>Otel &#8211; kurs merkezi aras\u0131nda \u00e7ift y\u00f6nl\u00fc toplu transfer ger\u00e7ekle\u015ftirilecektir.<\/strong><\/em><\/p>\n\t\t\t\t\t\t\t\t<\/div>\n\t\t\t\t<\/div>\n\t\t\t\t<div class=\"elementor-element elementor-element-51bbb81 elementor-widget elementor-widget-button\" data-id=\"51bbb81\" data-element_type=\"widget\" data-widget_type=\"button.default\">\n\t\t\t\t<div class=\"elementor-widget-container\">\n\t\t\t\t\t\t\t\t\t<div class=\"elementor-button-wrapper\">\n\t\t\t\t\t<a class=\"elementor-button elementor-button-link elementor-size-sm\" href=\"https:\/\/payment.brosgroup.net\/2025iscc\/\" target=\"_blank\">\n\t\t\t\t\t\t<span class=\"elementor-button-content-wrapper\">\n\t\t\t\t\t\t\t\t\t<span class=\"elementor-button-text\">Click here to book now!<\/span>\n\t\t\t\t\t<\/span>\n\t\t\t\t\t<\/a>\n\t\t\t\t<\/div>\n\t\t\t\t\t\t\t\t<\/div>\n\t\t\t\t<\/div>\n\t\t\t\t<div class=\"elementor-element elementor-element-9d76e8b elementor-widget elementor-widget-spacer\" data-id=\"9d76e8b\" data-element_type=\"widget\" data-widget_type=\"spacer.default\">\n\t\t\t\t<div class=\"elementor-widget-container\">\n\t\t\t\t\t\t\t<div class=\"elementor-spacer\">\n\t\t\t<div class=\"elementor-spacer-inner\"><\/div>\n\t\t<\/div>\n\t\t\t\t\t\t<\/div>\n\t\t\t\t<\/div>\n\t\t\t\t<div class=\"elementor-element elementor-element-45fc3b1 elementor-widget elementor-widget-gallery\" data-id=\"45fc3b1\" data-element_type=\"widget\" data-settings=\"{&quot;columns&quot;:3,&quot;lazyload&quot;:&quot;yes&quot;,&quot;gallery_layout&quot;:&quot;grid&quot;,&quot;columns_tablet&quot;:2,&quot;columns_mobile&quot;:1,&quot;gap&quot;:{&quot;unit&quot;:&quot;px&quot;,&quot;size&quot;:10,&quot;sizes&quot;:[]},&quot;gap_tablet&quot;:{&quot;unit&quot;:&quot;px&quot;,&quot;size&quot;:10,&quot;sizes&quot;:[]},&quot;gap_mobile&quot;:{&quot;unit&quot;:&quot;px&quot;,&quot;size&quot;:10,&quot;sizes&quot;:[]},&quot;link_to&quot;:&quot;file&quot;,&quot;aspect_ratio&quot;:&quot;3:2&quot;,&quot;overlay_background&quot;:&quot;yes&quot;,&quot;content_hover_animation&quot;:&quot;fade-in&quot;}\" data-widget_type=\"gallery.default\">\n\t\t\t\t<div class=\"elementor-widget-container\">\n\t\t\t\t\t\t\t<div class=\"elementor-gallery__container\">\n\t\t\t\t\t\t\t<a class=\"e-gallery-item elementor-gallery-item elementor-animated-content\" href=\"https:\/\/istanbulcadavercourse.com\/2025-Course\/wp-content\/uploads\/2024\/12\/638197682354486404_Firsatlar.jpg\" data-elementor-open-lightbox=\"yes\" data-elementor-lightbox-slideshow=\"45fc3b1\" data-elementor-lightbox-title=\"638197682354486404_Firsatlar\" data-e-action-hash=\"#elementor-action%3Aaction%3Dlightbox%26settings%3DeyJpZCI6MTA0OSwidXJsIjoiaHR0cHM6XC9cL2lzdGFuYnVsY2FkYXZlcmNvdXJzZS5jb21cLzIwMjUtQ291cnNlXC93cC1jb250ZW50XC91cGxvYWRzXC8yMDI0XC8xMlwvNjM4MTk3NjgyMzU0NDg2NDA0X0ZpcnNhdGxhci5qcGciLCJzbGlkZXNob3ciOiI0NWZjM2IxIn0%3D\">\n\t\t\t\t\t<div class=\"e-gallery-image elementor-gallery-item__image\" data-thumbnail=\"https:\/\/istanbulcadavercourse.com\/2025-Course\/wp-content\/uploads\/2024\/12\/638197682354486404_Firsatlar-300x174.jpg\" data-width=\"300\" data-height=\"174\" aria-label=\"\" role=\"img\" ><\/div>\n\t\t\t\t\t\t\t\t\t\t\t<div class=\"elementor-gallery-item__overlay\"><\/div>\n\t\t\t\t\t\t\t\t\t\t\t\t\t\t<\/a>\n\t\t\t\t\t\t\t<a class=\"e-gallery-item elementor-gallery-item elementor-animated-content\" href=\"https:\/\/istanbulcadavercourse.com\/2025-Course\/wp-content\/uploads\/2024\/12\/elite-world-asia-hotel.jpg\" data-elementor-open-lightbox=\"yes\" data-elementor-lightbox-slideshow=\"45fc3b1\" data-elementor-lightbox-title=\"elite-world-asia-hotel\" data-e-action-hash=\"#elementor-action%3Aaction%3Dlightbox%26settings%3DeyJpZCI6MTA1MCwidXJsIjoiaHR0cHM6XC9cL2lzdGFuYnVsY2FkYXZlcmNvdXJzZS5jb21cLzIwMjUtQ291cnNlXC93cC1jb250ZW50XC91cGxvYWRzXC8yMDI0XC8xMlwvZWxpdGUtd29ybGQtYXNpYS1ob3RlbC5qcGciLCJzbGlkZXNob3ciOiI0NWZjM2IxIn0%3D\">\n\t\t\t\t\t<div class=\"e-gallery-image elementor-gallery-item__image\" data-thumbnail=\"https:\/\/istanbulcadavercourse.com\/2025-Course\/wp-content\/uploads\/2024\/12\/elite-world-asia-hotel-300x209.jpg\" data-width=\"300\" data-height=\"209\" aria-label=\"\" role=\"img\" ><\/div>\n\t\t\t\t\t\t\t\t\t\t\t<div class=\"elementor-gallery-item__overlay\"><\/div>\n\t\t\t\t\t\t\t\t\t\t\t\t\t\t<\/a>\n\t\t\t\t\t\t\t<a class=\"e-gallery-item elementor-gallery-item elementor-animated-content\" href=\"https:\/\/istanbulcadavercourse.com\/2025-Course\/wp-content\/uploads\/2024\/12\/pzlbzmsugpokxlmvbczp.webp\" data-elementor-open-lightbox=\"yes\" data-elementor-lightbox-slideshow=\"45fc3b1\" data-elementor-lightbox-title=\"pzlbzmsugpokxlmvbczp\" data-e-action-hash=\"#elementor-action%3Aaction%3Dlightbox%26settings%3DeyJpZCI6MTA1MSwidXJsIjoiaHR0cHM6XC9cL2lzdGFuYnVsY2FkYXZlcmNvdXJzZS5jb21cLzIwMjUtQ291cnNlXC93cC1jb250ZW50XC91cGxvYWRzXC8yMDI0XC8xMlwvcHpsYnptc3VncG9reGxtdmJjenAud2VicCIsInNsaWRlc2hvdyI6IjQ1ZmMzYjEifQ%3D%3D\">\n\t\t\t\t\t<div class=\"e-gallery-image elementor-gallery-item__image\" data-thumbnail=\"https:\/\/istanbulcadavercourse.com\/2025-Course\/wp-content\/uploads\/2024\/12\/pzlbzmsugpokxlmvbczp-300x200.webp\" data-width=\"300\" data-height=\"200\" aria-label=\"\" role=\"img\" ><\/div>\n\t\t\t\t\t\t\t\t\t\t\t<div class=\"elementor-gallery-item__overlay\"><\/div>\n\t\t\t\t\t\t\t\t\t\t\t\t\t\t<\/a>\n\t\t\t\t\t<\/div>\n\t\t\t\t\t<\/div>\n\t\t\t\t<\/div>\n\t\t\t\t\t<\/div>\n\t\t<\/div>\n\t\t\t\t\t<\/div>\n\t\t<\/section>\n\t\t<div class=\"elementor-element elementor-element-d2137b7 e-flex e-con-boxed e-con e-parent\" data-id=\"d2137b7\" data-element_type=\"container\">\n\t\t\t\t\t<div class=\"e-con-inner\">\n\t\t\t\t<div class=\"elementor-element elementor-element-ee17a77 elementor-widget elementor-widget-google_maps\" data-id=\"ee17a77\" data-element_type=\"widget\" data-widget_type=\"google_maps.default\">\n\t\t\t\t<div class=\"elementor-widget-container\">\n\t\t\t\t\t\t\t<div class=\"elementor-custom-embed\">\n\t\t\t<iframe loading=\"lazy\"\n\t\t\t\t\tsrc=\"https:\/\/maps.google.com\/maps?q=Elite%20World%20Grand%20%C4%B0stanbul%20K%C3%BC%C3%A7%C3%BCkyal%C4%B1&#038;t=m&#038;z=13&#038;output=embed&#038;iwloc=near\"\n\t\t\t\t\ttitle=\"Elite World Grand \u0130stanbul K\u00fc\u00e7\u00fckyal\u0131\"\n\t\t\t\t\taria-label=\"Elite World Grand \u0130stanbul K\u00fc\u00e7\u00fckyal\u0131\"\n\t\t\t><\/iframe>\n\t\t<\/div>\n\t\t\t\t\t\t<\/div>\n\t\t\t\t<\/div>\n\t\t\t\t\t<\/div>\n\t\t\t\t<\/div>\n\t\t\t\t<\/div>\n\t\t","protected":false},"excerpt":{"rendered":"<p>Elite World Grand \u0130stanbul K\u00fc\u00e7\u00fckyal\u0131 Hotel Single: 121\u20ac *Fiyatlara KDV dahil de\u011fildir. Otel &#8211; kurs merkezi aras\u0131nda \u00e7ift y\u00f6nl\u00fc toplu&hellip; <\/p>\n","protected":false},"author":1,"featured_media":0,"parent":0,"menu_order":0,"comment_status":"closed","ping_status":"closed","template":"","meta":{"footnotes":""},"class_list":["post-231","page","type-page","status-publish","hentry"],"_links":{"self":[{"href":"https:\/\/istanbulcadavercourse.com\/2025-Course\/wp-json\/wp\/v2\/pages\/231","targetHints":{"allow":["GET"]}}],"collection":[{"href":"https:\/\/istanbulcadavercourse.com\/2025-Course\/wp-json\/wp\/v2\/pages"}],"about":[{"href":"https:\/\/istanbulcadavercourse.com\/2025-Course\/wp-json\/wp\/v2\/types\/page"}],"author":[{"embeddable":true,"href":"https:\/\/istanbulcadavercourse.com\/2025-Course\/wp-json\/wp\/v2\/users\/1"}],"replies":[{"embeddable":true,"href":"https:\/\/istanbulcadavercourse.com\/2025-Course\/wp-json\/wp\/v2\/comments?post=231"}],"version-history":[{"count":27,"href":"https:\/\/istanbulcadavercourse.com\/2025-Course\/wp-json\/wp\/v2\/pages\/231\/revisions"}],"predecessor-version":[{"id":1154,"href":"https:\/\/istanbulcadavercourse.com\/2025-Course\/wp-json\/wp\/v2\/pages\/231\/revisions\/1154"}],"wp:attachment":[{"href":"https:\/\/istanbulcadavercourse.com\/2025-Course\/wp-json\/wp\/v2\/media?parent=231"}],"curies":[{"name":"wp","href":"https:\/\/api.w.org\/{rel}","templated":true}]}}